{"id":2,"date":"2020-11-17T10:35:38","date_gmt":"2020-11-17T10:35:38","guid":{"rendered":"http:\/\/www.wipsowo.edu.pl\/?page_id=2"},"modified":"2021-06-07T08:06:06","modified_gmt":"2021-06-07T08:06:06","slug":"sample-page","status":"publish","type":"page","link":"https:\/\/www.wipsowo.edu.pl\/index.php\/sample-page\/","title":{"rendered":"Kontakt"},"content":{"rendered":"\n<p class=\"has-text-align-center\"><strong>Niepubliczny Zesp\u00f3\u0142 Szk\u00f3\u0142 i Plac\u00f3wek<\/strong><br>11-010 Barczewo, Wipsowo 63<br>sekretariat czynny 8.00-13.00<br>tel. (89)5145026<br><em>nzsip.wipsowo@gmail.com<\/em><\/p>\n\n\n\n<center><iframe loading=\"lazy\" src=\"https:\/\/www.google.com\/maps\/embed?pb=!1m18!1m12!1m3!1d2350.7626219132662!2d20.79080431585938!3d53.900422980098924!2m3!1f0!2f0!3f0!3m2!1i1024!2i768!4f13.1!3m3!1m2!1s0x46e26f06cacc1c03%3A0x250a162573b72758!2sWipsowo%2063%2C%2011-010%20Wipsowo!5e0!3m2!1spl!2spl!4v1605614022388!5m2!1spl!2spl\" width=\"400\" height=\"300\" frameborder=\"0\" style=\"border:0;\" allowfullscreen=\"\" aria-hidden=\"false\" tabindex=\"0\"><\/iframe><\/center>\n\n\n\n<p><\/p>\n","protected":false},"excerpt":{"rendered":"<p>Niepubliczny Zesp\u00f3\u0142 Szk\u00f3\u0142 i Plac\u00f3wek11-010 Barczewo, Wipsowo 63sekretariat czynny 8.00-13.00tel. (89)5145026nzsip.wipsowo@gmail.com<\/p>\n","protected":false},"author":1,"featured_media":0,"parent":0,"menu_order":6,"comment_status":"closed","ping_status":"closed","template":"","meta":{"footnotes":""},"class_list":["post-2","page","type-page","status-publish","hentry"],"_links":{"self":[{"href":"https:\/\/www.wipsowo.edu.pl\/index.php\/wp-json\/wp\/v2\/pages\/2","targetHints":{"allow":["GET"]}}],"collection":[{"href":"https:\/\/www.wipsowo.edu.pl\/index.php\/wp-json\/wp\/v2\/pages"}],"about":[{"href":"https:\/\/www.wipsowo.edu.pl\/index.php\/wp-json\/wp\/v2\/types\/page"}],"author":[{"embeddable":true,"href":"https:\/\/www.wipsowo.edu.pl\/index.php\/wp-json\/wp\/v2\/users\/1"}],"replies":[{"embeddable":true,"href":"https:\/\/www.wipsowo.edu.pl\/index.php\/wp-json\/wp\/v2\/comments?post=2"}],"version-history":[{"count":9,"href":"https:\/\/www.wipsowo.edu.pl\/index.php\/wp-json\/wp\/v2\/pages\/2\/revisions"}],"predecessor-version":[{"id":289,"href":"https:\/\/www.wipsowo.edu.pl\/index.php\/wp-json\/wp\/v2\/pages\/2\/revisions\/289"}],"wp:attachment":[{"href":"https:\/\/www.wipsowo.edu.pl\/index.php\/wp-json\/wp\/v2\/media?parent=2"}],"curies":[{"name":"wp","href":"https:\/\/api.w.org\/{rel}","templated":true}]}}