{"id":34,"date":"2020-11-17T11:22:18","date_gmt":"2020-11-17T11:22:18","guid":{"rendered":"https:\/\/www.wipsowo.edu.pl\/?page_id=34"},"modified":"2022-08-12T11:45:52","modified_gmt":"2022-08-12T11:45:52","slug":"przedszkole","status":"publish","type":"page","link":"https:\/\/www.wipsowo.edu.pl\/index.php\/przedszkole\/","title":{"rendered":"Przedszkole"},"content":{"rendered":"\n<p class=\"has-text-align-center\"><strong>Niepubliczne Przedszkole w Wipsowie czynne jest<br>od poniedzia\u0142ku do pi\u0105tku,<br>od godz. 7.00 do 16.00<\/strong><\/p>\n\n\n\n<div class=\"wp-block-columns is-layout-flex wp-container-core-columns-is-layout-9d6595d7 wp-block-columns-is-layout-flex\">\n<div class=\"wp-block-column is-layout-flow wp-block-column-is-layout-flow\">\n<figure class=\"wp-block-image size-large\"><img loading=\"lazy\" decoding=\"async\" width=\"1024\" height=\"575\" src=\"https:\/\/www.wipsowo.edu.pl\/wp-content\/uploads\/2020\/11\/IMG_20170324_094835-1024x575.jpg\" alt=\"\" class=\"wp-image-15\" srcset=\"https:\/\/www.wipsowo.edu.pl\/wp-content\/uploads\/2020\/11\/IMG_20170324_094835-1024x575.jpg 1024w, https:\/\/www.wipsowo.edu.pl\/wp-content\/uploads\/2020\/11\/IMG_20170324_094835-300x168.jpg 300w, https:\/\/www.wipsowo.edu.pl\/wp-content\/uploads\/2020\/11\/IMG_20170324_094835-768x431.jpg 768w, https:\/\/www.wipsowo.edu.pl\/wp-content\/uploads\/2020\/11\/IMG_20170324_094835-1536x863.jpg 1536w, https:\/\/www.wipsowo.edu.pl\/wp-content\/uploads\/2020\/11\/IMG_20170324_094835-2048x1150.jpg 2048w, https:\/\/www.wipsowo.edu.pl\/wp-content\/uploads\/2020\/11\/IMG_20170324_094835-850x477.jpg 850w\" sizes=\"auto, (max-width: 1024px) 100vw, 1024px\" \/><\/figure>\n<\/div>\n\n\n\n<div class=\"wp-block-column is-layout-flow wp-block-column-is-layout-flow\">\n<p>G\u0142\u00f3wny obiekt przedszkola to budynek wolnostoj\u0105cy, kt\u00f3ry po\u0142o\u017cony jest<br>w pi\u0119knej okolicy nad jeziorem z dala od ha\u0142asu i ulicznego gwaru. W przedszkolu znajduj\u0105 si\u0119: szatnia dzieci\u0119ca, sala zabaw, sto\u0142\u00f3wka oraz sanitariaty.<br>Przedszkole posiada przestronn\u0105 i s\u0142oneczn\u0105 du\u017c\u0105 sal\u0119, kt\u00f3ra pozwala na dobr\u0105 realizacj\u0119 zada\u0144 dydaktyczno- wychowawczych i opieku\u0144czych. W przedszkolu dla dzieci przyrz\u0105dzane s\u0105 warto\u015bciowe i urozmaicone posi\u0142ki. Cykl \u017cywienia dostosowany jest do wieku i potrzeb dzieci. Na terenie przedszkola znajduje si\u0119 plac zabaw otoczony zieleni\u0105. Jest to doskona\u0142e miejsce zar\u00f3wno do dzia\u0142a\u0144 zorganizowanych, jak i do swobodnych zabaw. Dzieci ch\u0119tnie korzystaj\u0105 z zabaw na \u015bwie\u017cym powietrzu, co sprzyja wyzwalaniu ich wielokierunkowej aktywno\u015bci.<\/p>\n<\/div>\n<\/div>\n\n\n\n<div class=\"wp-block-columns is-layout-flex wp-container-core-columns-is-layout-9d6595d7 wp-block-columns-is-layout-flex\">\n<div class=\"wp-block-column is-layout-flow wp-block-column-is-layout-flow\">\n<p><strong>Celem naszego przedszkola jest<\/strong>\u2013 rozwijanie u dziecka poczucia w\u0142asnej warto\u015bci<br>\u2013 nauczenie jak radzi\u0107 sobie w r\u00f3\u017cnych sytuacjach,<br>\u2013 rozwijanie zainteresowa\u0144 i talent\u00f3w dzieci,<br>\u2013 zapewnienie wszechstronnego,&nbsp;bezpiecznego i radosnego rozwoju wychowank\u00f3w,<br>\u2013 wdra\u017canie postaw prozdrowotnych we wszystkich przejawach \u017cycia rodzinnego,<br>\u2013 piel\u0119gnowanie cech indywidualnych ka\u017cdego dziecka,<br>\u2013 przygotowanie dzieci do nabycia umiej\u0119tno\u015bci \u017cyciowych,<br>\u2013 przygotowanie naszych wychowank\u00f3w do osi\u0105gni\u0119cia sukces\u00f3w w szkole.<\/p>\n<\/div>\n\n\n\n<div class=\"wp-block-column is-layout-flow wp-block-column-is-layout-flow\">\n<figure class=\"wp-block-image size-large\"><img loading=\"lazy\" decoding=\"async\" width=\"1024\" height=\"640\" src=\"https:\/\/www.wipsowo.edu.pl\/wp-content\/uploads\/2020\/11\/20200423_121622-1024x640-1.jpg\" alt=\"\" class=\"wp-image-18\" srcset=\"https:\/\/www.wipsowo.edu.pl\/wp-content\/uploads\/2020\/11\/20200423_121622-1024x640-1.jpg 1024w, https:\/\/www.wipsowo.edu.pl\/wp-content\/uploads\/2020\/11\/20200423_121622-1024x640-1-300x188.jpg 300w, https:\/\/www.wipsowo.edu.pl\/wp-content\/uploads\/2020\/11\/20200423_121622-1024x640-1-768x480.jpg 768w, https:\/\/www.wipsowo.edu.pl\/wp-content\/uploads\/2020\/11\/20200423_121622-1024x640-1-850x531.jpg 850w\" sizes=\"auto, (max-width: 1024px) 100vw, 1024px\" \/><\/figure>\n<\/div>\n<\/div>\n","protected":false},"excerpt":{"rendered":"<p>Niepubliczne Przedszkole w Wipsowie czynne jestod poniedzia\u0142ku do pi\u0105tku,od godz. 7.00 do 16.00 G\u0142\u00f3wny obiekt przedszkola to budynek wolnostoj\u0105cy, kt\u00f3ry po\u0142o\u017cony jestw pi\u0119knej okolicy nad jeziorem z dala od ha\u0142asu i ulicznego gwaru. W przedszkolu znajduj\u0105 si\u0119: szatnia dzieci\u0119ca, sala zabaw, sto\u0142\u00f3wka oraz sanitariaty.Przedszkole posiada przestronn\u0105 i s\u0142oneczn\u0105 du\u017c\u0105 sal\u0119, kt\u00f3ra pozwala na dobr\u0105 realizacj\u0119 [&hellip;]<\/p>\n","protected":false},"author":1,"featured_media":0,"parent":0,"menu_order":1,"comment_status":"closed","ping_status":"closed","template":"","meta":{"footnotes":""},"class_list":["post-34","page","type-page","status-publish","hentry"],"_links":{"self":[{"href":"https:\/\/www.wipsowo.edu.pl\/index.php\/wp-json\/wp\/v2\/pages\/34","targetHints":{"allow":["GET"]}}],"collection":[{"href":"https:\/\/www.wipsowo.edu.pl\/index.php\/wp-json\/wp\/v2\/pages"}],"about":[{"href":"https:\/\/www.wipsowo.edu.pl\/index.php\/wp-json\/wp\/v2\/types\/page"}],"author":[{"embeddable":true,"href":"https:\/\/www.wipsowo.edu.pl\/index.php\/wp-json\/wp\/v2\/users\/1"}],"replies":[{"embeddable":true,"href":"https:\/\/www.wipsowo.edu.pl\/index.php\/wp-json\/wp\/v2\/comments?post=34"}],"version-history":[{"count":11,"href":"https:\/\/www.wipsowo.edu.pl\/index.php\/wp-json\/wp\/v2\/pages\/34\/revisions"}],"predecessor-version":[{"id":708,"href":"https:\/\/www.wipsowo.edu.pl\/index.php\/wp-json\/wp\/v2\/pages\/34\/revisions\/708"}],"wp:attachment":[{"href":"https:\/\/www.wipsowo.edu.pl\/index.php\/wp-json\/wp\/v2\/media?parent=34"}],"curies":[{"name":"wp","href":"https:\/\/api.w.org\/{rel}","templated":true}]}}