{"id":45,"date":"2020-11-17T11:32:57","date_gmt":"2020-11-17T11:32:57","guid":{"rendered":"https:\/\/www.wipsowo.edu.pl\/?page_id=45"},"modified":"2020-11-17T12:26:00","modified_gmt":"2020-11-17T12:26:00","slug":"samorzad-uczniowski","status":"publish","type":"page","link":"https:\/\/www.wipsowo.edu.pl\/index.php\/24-2\/samorzad-uczniowski\/","title":{"rendered":"Samorz\u0105d uczniowski"},"content":{"rendered":"\n<h1 class=\"wp-block-heading\">Samorz\u0105d Uczniowski<\/h1>\n\n\n\n<p>Rozwijanie samorz\u0105dno\u015bci i aktywno\u015bci uczni\u00f3w jest najwa\u017cniejsz\u0105 zasad\u0105 w procesie wychowania. Przez takie dzia\u0142anie rozbudza si\u0119 inicjatyw\u0119 uczni\u00f3w, ich samodzielno\u015b\u0107 i samodyscyplin\u0119. Przez wsp\u00f3\u0142dzia\u0142anie w zespole pobudza si\u0119 inicjatyw\u0119 wszystkich jej cz\u0142onk\u00f3w \u2013 powoduje identyfikowanie z celami i zasadami grupy. Dlatego te\u017c, w naszej szkole tak wa\u017cnym organem jest w\u0142a\u015bnie Samorz\u0105d Uczniowski.<br>Dzia\u0142alno\u015b\u0107 samorz\u0105du uczniowskiego w naszej szkole to praca zespo\u0142owa wielu nauczycieli&nbsp; i du\u017cej cz\u0119\u015bci spo\u0142eczno\u015bci uczniowskiej. Samorz\u0105d w naszej szkole inicjuje i organizuje wiele akcji oraz imprez szkolnych, kt\u00f3re wynikaj\u0105 z przygotowanego planu pracy samorz\u0105du. Wiele z nich jest ju\u017c sta\u0142ym elementem dzia\u0142alno\u015bci. Inne wynikaj\u0105 z aktywno\u015bci tw\u00f3rczej uczni\u00f3w oraz ich potrzeb. Samorz\u0105d uczniowski w ci\u0105gu roku szkolnego pomaga w przygotowaniu i organizacji apeli szkolnych, mi\u0119dzy innymi z takich okazji, jak: Dzie\u0144 Edukacji Narodowej, Dzie\u0144 Niepodleg\u0142o\u015bci czy Uchwalenie Konstytucji 3-go Maja. Opr\u00f3cz tak wa\u017cnych, w \u017cyciu ka\u017cdego Polaka, \u015bwi\u0105t Samorz\u0105d Uczniowski organizuje r\u00f3wnie\u017c spotkania i zabawy okoliczno\u015bciowe, np.: \u015awi\u0119to Kartoflaka, Pasowanie uczni\u00f3w klas pierwszych, zabaw\u0119 Andrzejkow\u0105, szkolne Jase\u0142ka, Bal Karnawa\u0142owy, Dzie\u0144 Wiosny, Festyn Rodzinny czy Dzie\u0144 Dziecka na sportowo. Dlatego te\u017c Samorz\u0105d Uczniowski jest niezwykle wa\u017cn\u0105 cz\u0119\u015bci\u0105 funkcjonowania naszej szko\u0142y.<\/p>\n","protected":false},"excerpt":{"rendered":"<p>Samorz\u0105d Uczniowski Rozwijanie samorz\u0105dno\u015bci i aktywno\u015bci uczni\u00f3w jest najwa\u017cniejsz\u0105 zasad\u0105 w procesie wychowania. Przez takie dzia\u0142anie rozbudza si\u0119 inicjatyw\u0119 uczni\u00f3w, ich samodzielno\u015b\u0107 i samodyscyplin\u0119. Przez wsp\u00f3\u0142dzia\u0142anie w zespole pobudza si\u0119 inicjatyw\u0119 wszystkich jej cz\u0142onk\u00f3w \u2013 powoduje identyfikowanie z celami i zasadami grupy. Dlatego te\u017c, w naszej szkole tak wa\u017cnym organem jest w\u0142a\u015bnie Samorz\u0105d Uczniowski.Dzia\u0142alno\u015b\u0107 samorz\u0105du [&hellip;]<\/p>\n","protected":false},"author":1,"featured_media":0,"parent":24,"menu_order":1,"comment_status":"closed","ping_status":"closed","template":"","meta":{"footnotes":""},"class_list":["post-45","page","type-page","status-publish","hentry"],"_links":{"self":[{"href":"https:\/\/www.wipsowo.edu.pl\/index.php\/wp-json\/wp\/v2\/pages\/45","targetHints":{"allow":["GET"]}}],"collection":[{"href":"https:\/\/www.wipsowo.edu.pl\/index.php\/wp-json\/wp\/v2\/pages"}],"about":[{"href":"https:\/\/www.wipsowo.edu.pl\/index.php\/wp-json\/wp\/v2\/types\/page"}],"author":[{"embeddable":true,"href":"https:\/\/www.wipsowo.edu.pl\/index.php\/wp-json\/wp\/v2\/users\/1"}],"replies":[{"embeddable":true,"href":"https:\/\/www.wipsowo.edu.pl\/index.php\/wp-json\/wp\/v2\/comments?post=45"}],"version-history":[{"count":1,"href":"https:\/\/www.wipsowo.edu.pl\/index.php\/wp-json\/wp\/v2\/pages\/45\/revisions"}],"predecessor-version":[{"id":46,"href":"https:\/\/www.wipsowo.edu.pl\/index.php\/wp-json\/wp\/v2\/pages\/45\/revisions\/46"}],"up":[{"embeddable":true,"href":"https:\/\/www.wipsowo.edu.pl\/index.php\/wp-json\/wp\/v2\/pages\/24"}],"wp:attachment":[{"href":"https:\/\/www.wipsowo.edu.pl\/index.php\/wp-json\/wp\/v2\/media?parent=45"}],"curies":[{"name":"wp","href":"https:\/\/api.w.org\/{rel}","templated":true}]}}