{"id":48,"date":"2020-11-17T11:34:59","date_gmt":"2020-11-17T11:34:59","guid":{"rendered":"https:\/\/www.wipsowo.edu.pl\/?page_id=48"},"modified":"2020-11-17T11:36:59","modified_gmt":"2020-11-17T11:36:59","slug":"swietlica","status":"publish","type":"page","link":"https:\/\/www.wipsowo.edu.pl\/index.php\/swietlica\/","title":{"rendered":"\u015awietlica"},"content":{"rendered":"\n<p><strong><u><a href=\"http:\/\/foto-slub.home.pl\/autoinstalator\/wordpress36\/wp-content\/uploads\/2017\/03\/swietlica-i-zajecia-dodatkowe.pdf\">\u015awietlica i zajecia dodatkowe<\/a><\/u><\/strong><\/p>\n\n\n\n<p>Niepubliczny Zesp\u00f3\u0142 Szk\u00f3\u0142 i Plac\u00f3wek w Wipsowie posiada \u015bwietlic\u0119 szkoln\u0105, kt\u00f3ra zosta\u0142a utworzona w celu zapewnienia opieki dzieciom rodzic\u00f3w pracuj\u0105cych, a potem tak\u017ce uczniom doje\u017cd\u017caj\u0105cym. Na pocz\u0105tku dzia\u0142alno\u015bci \u015bwietlicy warunki lokalowe by\u0142y trudne i zaj\u0119cia odbywa\u0142y si\u0119 we wsp\u00f3lnej sali zar\u00f3wno dla dzieci starszych jak i m\u0142odszych. Obecnie s\u0105 one w odr\u0119bnych pomieszczeniach, a swoimi dzia\u0142aniami obejmuj\u0105 dzieci przedszkolne i uczni\u00f3w klas od I do VI. Celem dzia\u0142alno\u015bci \u015bwietlicy szkolnej jest przede wszystkim zapewnienie opieki uczniom po zaj\u0119ciach lekcyjnych, stworzenie warunk\u00f3w do wypoczynku i odrabiania prac domowych. Zaj\u0119cia te wzbogacaj\u0105 te\u017c wiadomo\u015bci o najbli\u017cszym otoczeniu dzieci&nbsp;\u2013&nbsp;o rodzinie, szkole, kolegach, o najbli\u017cszej miejscowo\u015bci, ojczy\u017anie, miejscu Polski w Europie i w \u015bwiecie. Rozwijaj\u0105 zainteresowania przyrodnicze i kulturalne. Uwzgl\u0119dniaj\u0105 tak\u017ce tematyk\u0119 nawi\u0105zuj\u0105c\u0105 do dni uroczystych i \u015bwi\u0105tecznych oraz zmiany zachodz\u0105ce w przyrodzie w ci\u0105gu roku, ochron\u0119 \u015brodowiska naturalnego, z\u0142e skutki na\u0142og\u00f3w, higien\u0119 \u017cycia codziennego i higienie umys\u0142ow\u0105. Uczestnicy zaj\u0119\u0107 maj\u0105 do dyspozycji liczne zabawki, a tak\u017ce korzystaj\u0105 z odpowiednio dobranych, ciekawych zabaw i gier, kt\u00f3re wzbogacaj\u0105 ich wiadomo\u015bci i do\u015bwiadczenia, kszta\u0142tuj\u0105 umiej\u0119tno\u015bci, anga\u017cuj\u0105 emocjonalnie, daj\u0105 okazj\u0119 do oceniania i warto\u015bciowania. W\u015br\u00f3d wielu r\u00f3\u017cnorodnych form zaj\u0119\u0107 \u015bwietlicowych najbardziej lubiane przez dzieci s\u0105 zaj\u0119cia o charakterze plastyczno-technicznym oraz zabawy ruchowe, dlatego po\u015bwi\u0119cano im du\u017co czasu. W rozk\u0142adzie dnia zawsze uwzgl\u0119dniany jest czas na samodzielne, spontaniczne zabawy, a w dni pogodne pobyt na \u015bwie\u017cym powietrzu w formie zabaw odpr\u0119\u017caj\u0105cych (ruchowych, sportowych).<\/p>\n\n\n\n<p>W naszej \u015bwietlicy szkolnej prowadzone s\u0105 nast\u0119puj\u0105ce zaj\u0119cia:<\/p>\n\n\n\n<p>\u2013rozwijaj\u0105ce umiej\u0119tno\u015bci manualne ( zabawy konstrukcyjne, uk\u0142adanki, malowanie farbami, rysowanie, kolorowanie, wycinanie, wydzieranie, sklejanie, szycie, malowanie, origami i inne),<br>\u2013rozbudzaj\u0105ce zainteresowania czytelnicze (czytanie wierszy, inscenizacje)<br>\u2013wzbogacaj\u0105ce posiadane wiadomo\u015bci, zaspakajanie ciekawo\u015bci \u015bwiata ( czytanie ksi\u0105\u017cek, encyklopedii, ogl\u0105danie program\u00f3w i film\u00f3w edukacyjnych, rozmowy i pogadanki z uczniami, gry dydaktyczne i edukacyjne)<br>\u2013&nbsp;kszta\u0142tuj\u0105ce umiej\u0119tno\u015bci : wypowiadania si\u0119 na zadany i dowolny temat (rozmowy z uczniami, pogadanki, zabawy typu&nbsp;\u2013&nbsp;\u201edoko\u0144cz zdanie\u201d, \u201enazwa na dan\u0105 liter\u0119\u201d i inne)<br>\u2013&nbsp;kszta\u0142tuj\u0105ce umiej\u0119tno\u015b\u0107 wykorzystania zdobytej wiedzy (konkursy, quizy, rozwi\u0105zywanie &nbsp;&nbsp;&nbsp;i uk\u0142adanie krzy\u017c\u00f3wek, zagadek, gry dydaktyczne, uk\u0142adanki, zabawy tematyczne, odrabianie prac domowych)<br>\u2013&nbsp;\u0107wicz\u0105ce umiej\u0119tno\u015bci zapami\u0119tywania fragment\u00f3w tekstu wiersza, piosenki (inscenizacje, zaj\u0119cia muzyczne)<br>\u2013wzbogacaj\u0105ce ekspresj\u0119 tw\u00f3rcz\u0105 ( prace plastyczne, zabawy konstrukcyjne, zabawy tematyczne, zaj\u0119cia muzyczne),<br>\u2013zwi\u0119kszaj\u0105ce sprawno\u015b\u0107 fizyczn\u0105 ( gry i zabawy zr\u0119czno\u015bciowe)<br>\u2013relaksuj\u0105ce ( relaks przy muzyce, zabawy wyciszaj\u0105ce, ogl\u0105danie film\u00f3w)<br>Szczeg\u00f3ln\u0105 uwag\u0119 zwraca si\u0119 podczas trwania zaj\u0119\u0107 \u015bwietlicowych na kszta\u0142towanie umiej\u0119tno\u015bci wsp\u00f3\u0142\u017cycia i wsp\u00f3\u0142dzia\u0142ania w grupie r\u00f3wie\u015bniczej. Nauczyciele dbaj\u0105 &nbsp;&nbsp;&nbsp;&nbsp;&nbsp;&nbsp;&nbsp;&nbsp;&nbsp;&nbsp;&nbsp;&nbsp;&nbsp;&nbsp;o wdra\u017canie uczni\u00f3w do przestrzegania przyj\u0119tych zasad, wyrabiaj\u0105 umiej\u0119tno\u015b\u0107 nawi\u0105zywania kontakt\u00f3w z kolegami, rozmawiania, s\u0142uchania, wyra\u017cania swoich potrzeb, przekona\u0144 i uczu\u0107 oraz dostrzegania ich u innych, \u0107wicz\u0105 umiej\u0119tno\u015b\u0107 rozwi\u0105zywania sytuacji konfliktowych, panowania nad emocjami, oceniania siebie i postaw koleg\u00f3w, zachowania si\u0119 w sytuacjach trudnych, planowania pracy indywidualnej i grupowej, ponoszenia odpowiedzialno\u015bci za wykonywanie zada\u0144. Dzieci przyzwyczajane s\u0105 do utrzymywania porz\u0105dku i troski o wsp\u00f3lne mienie.<\/p>\n\n\n\n<p><strong>\u015awietlica szkolna<\/strong><\/p>\n\n\n\n<p>Zaj\u0119cia dodatkowe i ko\u0142a zainteresowa\u0144 w naszej plac\u00f3wce to przede wszystkim rozwijanie kreatywno\u015bci naszych uczni\u00f3w. W czasie warsztat\u00f3w uczniowie do\u015bwiadczaj\u0105 zar\u00f3wno rado\u015bci z samodzielnego tworzenia jak i satysfakcji z przezwyci\u0119\u017cania napotykanych trudno\u015bci. Po za pog\u0142\u0119bianiem zainteresowa\u0144 dzieci istotnym celem zaj\u0119\u0107 pozalekcyjnych jest uzupe\u0142nianie i pog\u0142\u0119bianie nauki szkolnej nowymi tre\u015bciami i formami. Ponadto zaj\u0119cia pozalekcyjne pomagaj\u0105 wykry\u0107 i rozwija\u0107 indywidualne, tw\u00f3rcze uzdolnienia.<\/p>\n\n\n\n<p><strong>Zaj\u0119cia dodatkowe i ko\u0142a zainteresowa\u0144 w latach 2009-2017 Niepublicznego Zespo\u0142u Szk\u00f3\u0142 i Plac\u00f3wek w Wipsowie<\/strong><\/p>\n\n\n\n<p><strong>Zaj\u0119cia dodatkowe<\/strong>:<br>logopedyczne, &nbsp;rytmiczne, korekcyjno-kompensacyjne, &nbsp;j\u0119zyka obcego (angielskiego, niemieckiego), sportowe, &nbsp;&nbsp;ta\u0144ca towarzyskiego,&nbsp;ta\u0144ca nowoczesnego,&nbsp;origami,&nbsp;matematyki,&nbsp;&nbsp;j\u0119zyka polskiego,&nbsp;&nbsp;gry na instrumencie<br><strong>Ko\u0142a zainteresowa\u0144:<br><\/strong>szachowe,&nbsp;dziennikarskie,&nbsp;teatralne,&nbsp;regionalne,&nbsp;przyrodnicze,&nbsp;\u201ema\u0142a gosposia\u201d, plastyczne<\/p>\n","protected":false},"excerpt":{"rendered":"<p>\u015awietlica i zajecia dodatkowe Niepubliczny Zesp\u00f3\u0142 Szk\u00f3\u0142 i Plac\u00f3wek w Wipsowie posiada \u015bwietlic\u0119 szkoln\u0105, kt\u00f3ra zosta\u0142a utworzona w celu zapewnienia opieki dzieciom rodzic\u00f3w pracuj\u0105cych, a potem tak\u017ce uczniom doje\u017cd\u017caj\u0105cym. Na pocz\u0105tku dzia\u0142alno\u015bci \u015bwietlicy warunki lokalowe by\u0142y trudne i zaj\u0119cia odbywa\u0142y si\u0119 we wsp\u00f3lnej sali zar\u00f3wno dla dzieci starszych jak i m\u0142odszych. Obecnie s\u0105 one w [&hellip;]<\/p>\n","protected":false},"author":1,"featured_media":0,"parent":0,"menu_order":3,"comment_status":"closed","ping_status":"closed","template":"","meta":{"footnotes":""},"class_list":["post-48","page","type-page","status-publish","hentry"],"_links":{"self":[{"href":"https:\/\/www.wipsowo.edu.pl\/index.php\/wp-json\/wp\/v2\/pages\/48","targetHints":{"allow":["GET"]}}],"collection":[{"href":"https:\/\/www.wipsowo.edu.pl\/index.php\/wp-json\/wp\/v2\/pages"}],"about":[{"href":"https:\/\/www.wipsowo.edu.pl\/index.php\/wp-json\/wp\/v2\/types\/page"}],"author":[{"embeddable":true,"href":"https:\/\/www.wipsowo.edu.pl\/index.php\/wp-json\/wp\/v2\/users\/1"}],"replies":[{"embeddable":true,"href":"https:\/\/www.wipsowo.edu.pl\/index.php\/wp-json\/wp\/v2\/comments?post=48"}],"version-history":[{"count":1,"href":"https:\/\/www.wipsowo.edu.pl\/index.php\/wp-json\/wp\/v2\/pages\/48\/revisions"}],"predecessor-version":[{"id":49,"href":"https:\/\/www.wipsowo.edu.pl\/index.php\/wp-json\/wp\/v2\/pages\/48\/revisions\/49"}],"wp:attachment":[{"href":"https:\/\/www.wipsowo.edu.pl\/index.php\/wp-json\/wp\/v2\/media?parent=48"}],"curies":[{"name":"wp","href":"https:\/\/api.w.org\/{rel}","templated":true}]}}