{"id":700,"date":"2022-08-12T11:30:06","date_gmt":"2022-08-12T11:30:06","guid":{"rendered":"https:\/\/www.wipsowo.edu.pl\/?page_id=700"},"modified":"2022-08-12T11:41:45","modified_gmt":"2022-08-12T11:41:45","slug":"rekrutacja-do-przedszkola","status":"publish","type":"page","link":"https:\/\/www.wipsowo.edu.pl\/index.php\/przedszkole\/rekrutacja-do-przedszkola\/","title":{"rendered":"Rekrutacja do przedszkola"},"content":{"rendered":"\n<p><\/p>\n\n\n\n<div class=\"wp-block-media-text alignwide is-stacked-on-mobile\" style=\"grid-template-columns:51% auto\"><figure class=\"wp-block-media-text__media\"><img loading=\"lazy\" decoding=\"async\" width=\"1024\" height=\"575\" src=\"https:\/\/www.wipsowo.edu.pl\/wp-content\/uploads\/2020\/11\/cropped-IMG_20170324_094835-scaled-1-1024x575.jpg\" alt=\"\" class=\"wp-image-20 size-full\" srcset=\"https:\/\/www.wipsowo.edu.pl\/wp-content\/uploads\/2020\/11\/cropped-IMG_20170324_094835-scaled-1-1024x575.jpg 1024w, https:\/\/www.wipsowo.edu.pl\/wp-content\/uploads\/2020\/11\/cropped-IMG_20170324_094835-scaled-1-300x169.jpg 300w, https:\/\/www.wipsowo.edu.pl\/wp-content\/uploads\/2020\/11\/cropped-IMG_20170324_094835-scaled-1-768x432.jpg 768w, https:\/\/www.wipsowo.edu.pl\/wp-content\/uploads\/2020\/11\/cropped-IMG_20170324_094835-scaled-1-850x478.jpg 850w, https:\/\/www.wipsowo.edu.pl\/wp-content\/uploads\/2020\/11\/cropped-IMG_20170324_094835-scaled-1.jpg 1500w\" sizes=\"auto, (max-width: 1024px) 100vw, 1024px\" \/><\/figure><div class=\"wp-block-media-text__content\">\n\n<h4 class=\"wp-block-heading\"><strong>Szanowni Rodzice,<\/strong><\/h4>\n\n\n<h4 class=\"wp-block-heading\">informujemy, \u017ce rekrutacja uzupe\u0142niaj\u0105ca do naszego przedszkola\u00a0na rok szkolny 2022\/2023 wci\u0105\u017c trwa. Zapraszamy do zapoznania si\u0119 z <em><a href=\"https:\/\/www.wipsowo.edu.pl\/index.php\/przedszkole\/oferta\/\" data-type=\"URL\" data-id=\"https:\/\/www.wipsowo.edu.pl\/index.php\/przedszkole\/oferta\/\">ofert\u0105<\/a> <\/em>przygotowan\u0105 dla kochanych przedszkolak\u00f3w.<\/h4>\n\n\n<div class=\"wp-block-buttons is-layout-flex wp-block-buttons-is-layout-flex\">\n\n<div class=\"wp-block-button\"><a class=\"wp-block-button__link\" href=\"https:\/\/www.wipsowo.edu.pl\/index.php\/przedszkole\/oferta\/\">Oferta przedszkola<\/a><\/div>\n\n<\/div>\n\n<br>\n\n<div class=\"wp-block-nextend-smartslider3\">[smartslider3 slider=&#8221;6&#8243;]<\/div>\n\n<\/div><\/div>\n\n\n\n<p><\/p>\n","protected":false},"excerpt":{"rendered":"","protected":false},"author":3,"featured_media":0,"parent":34,"menu_order":2,"comment_status":"closed","ping_status":"closed","template":"","meta":{"footnotes":""},"class_list":["post-700","page","type-page","status-publish","hentry"],"_links":{"self":[{"href":"https:\/\/www.wipsowo.edu.pl\/index.php\/wp-json\/wp\/v2\/pages\/700","targetHints":{"allow":["GET"]}}],"collection":[{"href":"https:\/\/www.wipsowo.edu.pl\/index.php\/wp-json\/wp\/v2\/pages"}],"about":[{"href":"https:\/\/www.wipsowo.edu.pl\/index.php\/wp-json\/wp\/v2\/types\/page"}],"author":[{"embeddable":true,"href":"https:\/\/www.wipsowo.edu.pl\/index.php\/wp-json\/wp\/v2\/users\/3"}],"replies":[{"embeddable":true,"href":"https:\/\/www.wipsowo.edu.pl\/index.php\/wp-json\/wp\/v2\/comments?post=700"}],"version-history":[{"count":8,"href":"https:\/\/www.wipsowo.edu.pl\/index.php\/wp-json\/wp\/v2\/pages\/700\/revisions"}],"predecessor-version":[{"id":716,"href":"https:\/\/www.wipsowo.edu.pl\/index.php\/wp-json\/wp\/v2\/pages\/700\/revisions\/716"}],"up":[{"embeddable":true,"href":"https:\/\/www.wipsowo.edu.pl\/index.php\/wp-json\/wp\/v2\/pages\/34"}],"wp:attachment":[{"href":"https:\/\/www.wipsowo.edu.pl\/index.php\/wp-json\/wp\/v2\/media?parent=700"}],"curies":[{"name":"wp","href":"https:\/\/api.w.org\/{rel}","templated":true}]}}