{"id":72,"date":"2020-11-17T12:01:31","date_gmt":"2020-11-17T12:01:31","guid":{"rendered":"https:\/\/www.wipsowo.edu.pl\/?page_id=72"},"modified":"2020-11-17T18:33:55","modified_gmt":"2020-11-17T18:33:55","slug":"niepubliczny-zespol-szkol-i-placowek-w-wipsowie","status":"publish","type":"page","link":"https:\/\/www.wipsowo.edu.pl\/","title":{"rendered":"Niepubliczny Zesp\u00f3\u0142 Szk\u00f3\u0142 i Plac\u00f3wek w Wipsowie"},"content":{"rendered":"\n<p><\/p>\n\n\n\n<div class=\"wp-block-nextend-smartslider3\">[smartslider3 slider=&#8221;4&#8243;]<\/div>\n\n\n\n<h2 class=\"wp-block-heading\">Wydarzenia szkolne<\/h2>\n\n\n<ul class=\"wp-block-latest-posts__list is-grid columns-3 has-dates .boxy wp-block-latest-posts\"><li><div class=\"wp-block-latest-posts__featured-image alignleft\"><img loading=\"lazy\" decoding=\"async\" width=\"292\" height=\"300\" src=\"https:\/\/www.wipsowo.edu.pl\/wp-content\/uploads\/2026\/03\/AZ0gewaDhdS1WvJ8WswUAA-AZ0gewaDyni1kWd3DB2fow-292x300.png\" class=\"attachment-medium size-medium wp-post-image\" alt=\"\" style=\"\" srcset=\"https:\/\/www.wipsowo.edu.pl\/wp-content\/uploads\/2026\/03\/AZ0gewaDhdS1WvJ8WswUAA-AZ0gewaDyni1kWd3DB2fow-292x300.png 292w, https:\/\/www.wipsowo.edu.pl\/wp-content\/uploads\/2026\/03\/AZ0gewaDhdS1WvJ8WswUAA-AZ0gewaDyni1kWd3DB2fow-768x789.png 768w, https:\/\/www.wipsowo.edu.pl\/wp-content\/uploads\/2026\/03\/AZ0gewaDhdS1WvJ8WswUAA-AZ0gewaDyni1kWd3DB2fow.png 869w\" sizes=\"auto, (max-width: 292px) 100vw, 292px\" \/><\/div><a class=\"wp-block-latest-posts__post-title\" href=\"https:\/\/www.wipsowo.edu.pl\/index.php\/2026\/03\/23\/zaproszenie\/\">Zaproszenie!<\/a><time datetime=\"2026-03-23T15:30:18+00:00\" class=\"wp-block-latest-posts__post-date\">23 marca, 2026<\/time><\/li>\n<li><div class=\"wp-block-latest-posts__featured-image alignleft\"><img loading=\"lazy\" decoding=\"async\" width=\"300\" height=\"226\" src=\"https:\/\/www.wipsowo.edu.pl\/wp-content\/uploads\/2026\/03\/653710384_1390227899785951_6291783354119240425_n-300x226.jpg\" class=\"attachment-medium size-medium wp-post-image\" alt=\"\" style=\"\" srcset=\"https:\/\/www.wipsowo.edu.pl\/wp-content\/uploads\/2026\/03\/653710384_1390227899785951_6291783354119240425_n-300x226.jpg 300w, https:\/\/www.wipsowo.edu.pl\/wp-content\/uploads\/2026\/03\/653710384_1390227899785951_6291783354119240425_n-1024x771.jpg 1024w, https:\/\/www.wipsowo.edu.pl\/wp-content\/uploads\/2026\/03\/653710384_1390227899785951_6291783354119240425_n-768x578.jpg 768w, https:\/\/www.wipsowo.edu.pl\/wp-content\/uploads\/2026\/03\/653710384_1390227899785951_6291783354119240425_n-1536x1157.jpg 1536w, https:\/\/www.wipsowo.edu.pl\/wp-content\/uploads\/2026\/03\/653710384_1390227899785951_6291783354119240425_n.jpg 2040w\" sizes=\"auto, (max-width: 300px) 100vw, 300px\" \/><\/div><a class=\"wp-block-latest-posts__post-title\" href=\"https:\/\/www.wipsowo.edu.pl\/index.php\/2026\/03\/20\/teatr-profilaktyczny-2\/\">Teatr profilaktyczny<\/a><time datetime=\"2026-03-20T20:36:57+00:00\" class=\"wp-block-latest-posts__post-date\">20 marca, 2026<\/time><\/li>\n<li><div class=\"wp-block-latest-posts__featured-image alignleft\"><img loading=\"lazy\" decoding=\"async\" width=\"240\" height=\"300\" src=\"https:\/\/www.wipsowo.edu.pl\/wp-content\/uploads\/2026\/03\/653709529_1388421836633224_7054230508861115862_n-240x300.jpg\" class=\"attachment-medium size-medium wp-post-image\" alt=\"\" style=\"\" srcset=\"https:\/\/www.wipsowo.edu.pl\/wp-content\/uploads\/2026\/03\/653709529_1388421836633224_7054230508861115862_n-240x300.jpg 240w, https:\/\/www.wipsowo.edu.pl\/wp-content\/uploads\/2026\/03\/653709529_1388421836633224_7054230508861115862_n-819x1024.jpg 819w, https:\/\/www.wipsowo.edu.pl\/wp-content\/uploads\/2026\/03\/653709529_1388421836633224_7054230508861115862_n-768x961.jpg 768w, https:\/\/www.wipsowo.edu.pl\/wp-content\/uploads\/2026\/03\/653709529_1388421836633224_7054230508861115862_n-1228x1536.jpg 1228w, https:\/\/www.wipsowo.edu.pl\/wp-content\/uploads\/2026\/03\/653709529_1388421836633224_7054230508861115862_n.jpg 1637w\" sizes=\"auto, (max-width: 240px) 100vw, 240px\" \/><\/div><a class=\"wp-block-latest-posts__post-title\" href=\"https:\/\/www.wipsowo.edu.pl\/index.php\/2026\/03\/20\/witaj-wiosno\/\">Witaj wiosno!!<\/a><time datetime=\"2026-03-20T20:31:20+00:00\" class=\"wp-block-latest-posts__post-date\">20 marca, 2026<\/time><\/li>\n<li><div class=\"wp-block-latest-posts__featured-image alignleft\"><img loading=\"lazy\" decoding=\"async\" width=\"300\" height=\"207\" src=\"https:\/\/www.wipsowo.edu.pl\/wp-content\/uploads\/2026\/03\/653709119_1387656886709719_2269618653371323210_n-300x207.jpg\" class=\"attachment-medium size-medium wp-post-image\" alt=\"\" style=\"\" srcset=\"https:\/\/www.wipsowo.edu.pl\/wp-content\/uploads\/2026\/03\/653709119_1387656886709719_2269618653371323210_n-300x207.jpg 300w, https:\/\/www.wipsowo.edu.pl\/wp-content\/uploads\/2026\/03\/653709119_1387656886709719_2269618653371323210_n-1024x707.jpg 1024w, https:\/\/www.wipsowo.edu.pl\/wp-content\/uploads\/2026\/03\/653709119_1387656886709719_2269618653371323210_n-768x530.jpg 768w, https:\/\/www.wipsowo.edu.pl\/wp-content\/uploads\/2026\/03\/653709119_1387656886709719_2269618653371323210_n-1536x1060.jpg 1536w, https:\/\/www.wipsowo.edu.pl\/wp-content\/uploads\/2026\/03\/653709119_1387656886709719_2269618653371323210_n.jpg 1663w\" sizes=\"auto, (max-width: 300px) 100vw, 300px\" \/><\/div><a class=\"wp-block-latest-posts__post-title\" href=\"https:\/\/www.wipsowo.edu.pl\/index.php\/2026\/03\/18\/wiosenne-przygotowania-klasy-i\/\">Wiosenne przygotowania klasy I<\/a><time datetime=\"2026-03-18T20:22:46+00:00\" class=\"wp-block-latest-posts__post-date\">18 marca, 2026<\/time><\/li>\n<li><div class=\"wp-block-latest-posts__featured-image alignleft\"><img loading=\"lazy\" decoding=\"async\" width=\"300\" height=\"256\" src=\"https:\/\/www.wipsowo.edu.pl\/wp-content\/uploads\/2026\/03\/649838950_1382623463879728_8733510655211550965_n-300x256.jpg\" class=\"attachment-medium size-medium wp-post-image\" alt=\"\" style=\"\" srcset=\"https:\/\/www.wipsowo.edu.pl\/wp-content\/uploads\/2026\/03\/649838950_1382623463879728_8733510655211550965_n-300x256.jpg 300w, https:\/\/www.wipsowo.edu.pl\/wp-content\/uploads\/2026\/03\/649838950_1382623463879728_8733510655211550965_n-1024x874.jpg 1024w, https:\/\/www.wipsowo.edu.pl\/wp-content\/uploads\/2026\/03\/649838950_1382623463879728_8733510655211550965_n-768x656.jpg 768w, https:\/\/www.wipsowo.edu.pl\/wp-content\/uploads\/2026\/03\/649838950_1382623463879728_8733510655211550965_n-1536x1311.jpg 1536w, https:\/\/www.wipsowo.edu.pl\/wp-content\/uploads\/2026\/03\/649838950_1382623463879728_8733510655211550965_n.jpg 1701w\" sizes=\"auto, (max-width: 300px) 100vw, 300px\" \/><\/div><a class=\"wp-block-latest-posts__post-title\" href=\"https:\/\/www.wipsowo.edu.pl\/index.php\/2026\/03\/11\/zajecia-edukacyjne-z-lesniczymi-nadlesnictwa-wipsowo\/\">Zaj\u0119cia edukacyjne z le\u015bniczymi Nadle\u015bnictwa Wipsowo<\/a><time datetime=\"2026-03-11T15:22:49+00:00\" class=\"wp-block-latest-posts__post-date\">11 marca, 2026<\/time><\/li>\n<li><div class=\"wp-block-latest-posts__featured-image alignleft\"><img loading=\"lazy\" decoding=\"async\" width=\"300\" height=\"235\" src=\"https:\/\/www.wipsowo.edu.pl\/wp-content\/uploads\/2026\/03\/648750456_1380390734103001_693209936126616588_n-300x235.jpg\" class=\"attachment-medium size-medium wp-post-image\" alt=\"\" style=\"\" srcset=\"https:\/\/www.wipsowo.edu.pl\/wp-content\/uploads\/2026\/03\/648750456_1380390734103001_693209936126616588_n-300x235.jpg 300w, https:\/\/www.wipsowo.edu.pl\/wp-content\/uploads\/2026\/03\/648750456_1380390734103001_693209936126616588_n-1024x801.jpg 1024w, https:\/\/www.wipsowo.edu.pl\/wp-content\/uploads\/2026\/03\/648750456_1380390734103001_693209936126616588_n-768x601.jpg 768w, https:\/\/www.wipsowo.edu.pl\/wp-content\/uploads\/2026\/03\/648750456_1380390734103001_693209936126616588_n-1536x1201.jpg 1536w, https:\/\/www.wipsowo.edu.pl\/wp-content\/uploads\/2026\/03\/648750456_1380390734103001_693209936126616588_n.jpg 1964w\" sizes=\"auto, (max-width: 300px) 100vw, 300px\" \/><\/div><a class=\"wp-block-latest-posts__post-title\" href=\"https:\/\/www.wipsowo.edu.pl\/index.php\/2026\/03\/10\/dzien-kobiet-3\/\">Dzie\u0144 Kobiet<\/a><time datetime=\"2026-03-10T20:50:07+00:00\" class=\"wp-block-latest-posts__post-date\">10 marca, 2026<\/time><\/li>\n<\/ul>\n\n\n<p><\/p>\n","protected":false},"excerpt":{"rendered":"<p>Wydarzenia szkolne<\/p>\n","protected":false},"author":2,"featured_media":0,"parent":0,"menu_order":0,"comment_status":"closed","ping_status":"closed","template":"","meta":{"footnotes":""},"class_list":["post-72","page","type-page","status-publish","hentry"],"_links":{"self":[{"href":"https:\/\/www.wipsowo.edu.pl\/index.php\/wp-json\/wp\/v2\/pages\/72","targetHints":{"allow":["GET"]}}],"collection":[{"href":"https:\/\/www.wipsowo.edu.pl\/index.php\/wp-json\/wp\/v2\/pages"}],"about":[{"href":"https:\/\/www.wipsowo.edu.pl\/index.php\/wp-json\/wp\/v2\/types\/page"}],"author":[{"embeddable":true,"href":"https:\/\/www.wipsowo.edu.pl\/index.php\/wp-json\/wp\/v2\/users\/2"}],"replies":[{"embeddable":true,"href":"https:\/\/www.wipsowo.edu.pl\/index.php\/wp-json\/wp\/v2\/comments?post=72"}],"version-history":[{"count":24,"href":"https:\/\/www.wipsowo.edu.pl\/index.php\/wp-json\/wp\/v2\/pages\/72\/revisions"}],"predecessor-version":[{"id":162,"href":"https:\/\/www.wipsowo.edu.pl\/index.php\/wp-json\/wp\/v2\/pages\/72\/revisions\/162"}],"wp:attachment":[{"href":"https:\/\/www.wipsowo.edu.pl\/index.php\/wp-json\/wp\/v2\/media?parent=72"}],"curies":[{"name":"wp","href":"https:\/\/api.w.org\/{rel}","templated":true}]}}